{"id":447,"date":"2019-10-17T07:35:23","date_gmt":"2019-10-17T07:35:23","guid":{"rendered":"https:\/\/metalli60com.test.cchosting.fi\/?page_id=447"},"modified":"2025-10-13T13:34:11","modified_gmt":"2025-10-13T13:34:11","slug":"veteraanit","status":"publish","type":"page","link":"https:\/\/metalli60.com\/?page_id=447","title":{"rendered":"Veteraanijaosto"},"content":{"rendered":"<p>&nbsp;<\/p>\n<h3>Veteraanijaosto<\/h3>\n<h6><\/h6>\n<p>&nbsp;<\/p>\n<h4><strong>Metallin Vapaaj\u00e4senet.<\/strong><\/h4>\n<p><strong>Veteraanit<\/strong><\/p>\n<p>Eero Nousiainen 044 5950589<\/p>\n<p>&nbsp;<\/p>\n<p>J\u00e4senmaksu 10\u20ac\/vuosi<\/p>\n<p>Maksu tammikuussa, muista kirjoittaa nimesi.<\/p>\n<p>Maksamalla j\u00e4senmaksun saat postia ja p\u00e4\u00e4set osallistumaan toimintaan.<\/p>\n<p>Jos et maksa j\u00e4senmaksua niin sinulle ei l\u00e4hetet\u00e4 postia, n\u00e4in s\u00e4\u00e4st\u00e4mme postimaksuja.<\/p>\n<p><strong>Tietoa Metallin Vapaaj\u00e4senist\u00e4:<\/strong><\/p>\n<ul>\n<li>Kuopion Metallin 60 ry:ss\u00e4 toimii Metallin Veteraanit.<\/li>\n<li>Jaosto koostuu Metallin vapaaj\u00e4senist\u00e4.<\/li>\n<li>Jaosto perustettiin 1989. Kaikki vapaaj\u00e4senet ovat tervetulleita mukaan jaoston toimintaan.<\/li>\n<li>Jaoston teht\u00e4v\u00e4n\u00e4 on luoda virkystystoimintaa ja matkoja vapaaj\u00e4senille.<\/li>\n<\/ul>\n<p>&nbsp;<\/p>\n<p>&nbsp;<\/p>\n","protected":false},"excerpt":{"rendered":"<p>&nbsp; Veteraanijaosto &nbsp; Metallin Vapaaj\u00e4senet. Veteraanit Eero Nousiainen 044 5950589 &nbsp; J\u00e4senmaksu 10\u20ac\/vuosi Maksu tammikuussa, muista kirjoittaa nimesi. Maksamalla j\u00e4senmaksun saat postia ja p\u00e4\u00e4set osallistumaan toimintaan. Jos et maksa j\u00e4senmaksua niin sinulle ei l\u00e4hetet\u00e4 postia, n\u00e4in s\u00e4\u00e4st\u00e4mme postimaksuja. Tietoa Metallin Vapaaj\u00e4senist\u00e4: Kuopion Metallin 60 ry:ss\u00e4 toimii Metallin Veteraanit. Jaosto koostuu &hellip;<\/p>\n","protected":false},"author":1,"featured_media":19,"parent":0,"menu_order":0,"comment_status":"closed","ping_status":"closed","template":"","meta":{"footnotes":""},"class_list":["post-447","page","type-page","status-publish","has-post-thumbnail","hentry"],"_links":{"self":[{"href":"https:\/\/metalli60.com\/index.php?rest_route=\/wp\/v2\/pages\/447","targetHints":{"allow":["GET"]}}],"collection":[{"href":"https:\/\/metalli60.com\/index.php?rest_route=\/wp\/v2\/pages"}],"about":[{"href":"https:\/\/metalli60.com\/index.php?rest_route=\/wp\/v2\/types\/page"}],"author":[{"embeddable":true,"href":"https:\/\/metalli60.com\/index.php?rest_route=\/wp\/v2\/users\/1"}],"replies":[{"embeddable":true,"href":"https:\/\/metalli60.com\/index.php?rest_route=%2Fwp%2Fv2%2Fcomments&post=447"}],"version-history":[{"count":29,"href":"https:\/\/metalli60.com\/index.php?rest_route=\/wp\/v2\/pages\/447\/revisions"}],"predecessor-version":[{"id":847,"href":"https:\/\/metalli60.com\/index.php?rest_route=\/wp\/v2\/pages\/447\/revisions\/847"}],"wp:featuredmedia":[{"embeddable":true,"href":"https:\/\/metalli60.com\/index.php?rest_route=\/wp\/v2\/media\/19"}],"wp:attachment":[{"href":"https:\/\/metalli60.com\/index.php?rest_route=%2Fwp%2Fv2%2Fmedia&parent=447"}],"curies":[{"name":"wp","href":"https:\/\/api.w.org\/{rel}","templated":true}]}}